{"id":7399,"date":"2026-02-19T22:13:42","date_gmt":"2026-02-19T22:13:42","guid":{"rendered":"https:\/\/soundtrackusa.com\/producto\/stw-23hu2-wireless-microphones\/"},"modified":"2026-02-19T22:37:28","modified_gmt":"2026-02-19T22:37:28","slug":"stw-23hu2-microfonos-inalambricos-uhf","status":"publish","type":"product","link":"https:\/\/soundtrackusa.com\/es\/product\/stw-23hu2-microfonos-inalambricos-uhf\/","title":{"rendered":"STW-23HU2 Micr\u00f3fonos inal\u00e1mbricos UHF"},"content":{"rendered":"","protected":false},"excerpt":{"rendered":"<h3>Micr\u00f3fonos inal\u00e1mbricos UHF.<\/h3>\n<ul>\n<li>\n<h3>Rango:200 Pies.<\/h3>\n<\/li>\n<li>\n<h3>Dos canales.<\/h3>\n<\/li>\n<li>\n<h3>Frecuencias fijas.<\/h3>\n<\/li>\n<li>\n<h3>Dos micr\u00f3fonos de mano.<\/h3>\n<\/li>\n<li>\n<h3>Controles de volumen pantalla frontal.<\/h3>\n<\/li>\n<li>\n<h3>Salida com\u00fan 1\/4.<\/h3>\n<\/li>\n<li>\n<h3>Dos salidas independientes XLR.<\/h3>\n<\/li>\n<li>\n<h3>Maleta de pl\u00e1stico.<\/h3>\n<\/li>\n<\/ul>\n","protected":false},"featured_media":7403,"template":"","meta":[],"product_brand":[],"product_cat":[33,31,18,28],"product_tag":[],"class_list":{"0":"post-7399","1":"product","2":"type-product","3":"status-publish","4":"has-post-thumbnail","6":"product_cat-2-canales","7":"product_cat-frecuencia-variables","8":"product_cat-microfonos","9":"product_cat-microfonos-inalambricos","11":"first","12":"instock","13":"taxable","14":"shipping-taxable","15":"product-type-simple"},"_links":{"self":[{"href":"https:\/\/soundtrackusa.com\/es\/wp-json\/wp\/v2\/product\/7399","targetHints":{"allow":["GET"]}}],"collection":[{"href":"https:\/\/soundtrackusa.com\/es\/wp-json\/wp\/v2\/product"}],"about":[{"href":"https:\/\/soundtrackusa.com\/es\/wp-json\/wp\/v2\/types\/product"}],"wp:featuredmedia":[{"embeddable":true,"href":"https:\/\/soundtrackusa.com\/es\/wp-json\/wp\/v2\/media\/7403"}],"wp:attachment":[{"href":"https:\/\/soundtrackusa.com\/es\/wp-json\/wp\/v2\/media?parent=7399"}],"wp:term":[{"taxonomy":"product_brand","embeddable":true,"href":"https:\/\/soundtrackusa.com\/es\/wp-json\/wp\/v2\/product_brand?post=7399"},{"taxonomy":"product_cat","embeddable":true,"href":"https:\/\/soundtrackusa.com\/es\/wp-json\/wp\/v2\/product_cat?post=7399"},{"taxonomy":"product_tag","embeddable":true,"href":"https:\/\/soundtrackusa.com\/es\/wp-json\/wp\/v2\/product_tag?post=7399"}],"curies":[{"name":"wp","href":"https:\/\/api.w.org\/{rel}","templated":true}]}}