{"id":7388,"date":"2026-02-19T21:51:51","date_gmt":"2026-02-19T21:51:51","guid":{"rendered":"https:\/\/soundtrackusa.com\/?post_type=product&#038;p=7388"},"modified":"2026-02-19T21:54:32","modified_gmt":"2026-02-19T21:54:32","slug":"stw-4500hh-wireless-microphone","status":"publish","type":"product","link":"https:\/\/soundtrackusa.com\/es\/product\/stw-4500hh-wireless-microphone\/","title":{"rendered":"STW-4500HH Micr\u00f3fonos Inal\u00e1mbricos"},"content":{"rendered":"","protected":false},"excerpt":{"rendered":"<h3><strong>Wirelwess microphones<\/strong><\/h3>\n<ul>\n<li>\n<h3>Sistema inal\u00e1mbrico de 4 canales con salidas independientes<\/h3>\n<\/li>\n<li>\n<h3>Tecnolog\u00eda True Diversity para m\u00e1xima estabilidad de se\u00f1al<\/h3>\n<\/li>\n<li>\n<h3>Alcance operativo efectivo de hasta 75 metros (250 pies)<\/h3>\n<\/li>\n<li>\n<h3>Incluye 4 micr\u00f3fonos de mano<\/h3>\n<\/li>\n<li>\n<h3>Construcci\u00f3n met\u00e1lica resistente<\/h3>\n<\/li>\n<li>\n<h3>Frecuencia ajustable para evitar interferencias<\/h3>\n<\/li>\n<li>\n<h3>Estuche met\u00e1lico incluido para transporte y protecci\u00f3n<\/h3>\n<\/li>\n<\/ul>\n","protected":false},"featured_media":7495,"template":"","meta":[],"product_brand":[],"product_cat":[34,31,18,28],"product_tag":[],"class_list":{"0":"post-7388","1":"product","2":"type-product","3":"status-publish","4":"has-post-thumbnail","6":"product_cat-4-canales","7":"product_cat-frecuencia-variables","8":"product_cat-microfonos","9":"product_cat-microfonos-inalambricos","11":"first","12":"instock","13":"taxable","14":"shipping-taxable","15":"product-type-simple"},"_links":{"self":[{"href":"https:\/\/soundtrackusa.com\/es\/wp-json\/wp\/v2\/product\/7388","targetHints":{"allow":["GET"]}}],"collection":[{"href":"https:\/\/soundtrackusa.com\/es\/wp-json\/wp\/v2\/product"}],"about":[{"href":"https:\/\/soundtrackusa.com\/es\/wp-json\/wp\/v2\/types\/product"}],"wp:featuredmedia":[{"embeddable":true,"href":"https:\/\/soundtrackusa.com\/es\/wp-json\/wp\/v2\/media\/7495"}],"wp:attachment":[{"href":"https:\/\/soundtrackusa.com\/es\/wp-json\/wp\/v2\/media?parent=7388"}],"wp:term":[{"taxonomy":"product_brand","embeddable":true,"href":"https:\/\/soundtrackusa.com\/es\/wp-json\/wp\/v2\/product_brand?post=7388"},{"taxonomy":"product_cat","embeddable":true,"href":"https:\/\/soundtrackusa.com\/es\/wp-json\/wp\/v2\/product_cat?post=7388"},{"taxonomy":"product_tag","embeddable":true,"href":"https:\/\/soundtrackusa.com\/es\/wp-json\/wp\/v2\/product_tag?post=7388"}],"curies":[{"name":"wp","href":"https:\/\/api.w.org\/{rel}","templated":true}]}}