{"id":5823,"date":"2024-03-15T16:50:24","date_gmt":"2024-03-15T16:50:24","guid":{"rendered":"https:\/\/shai.com.mx\/soudtrack-usa-respaldo26\/?post_type=product&#038;p=5823"},"modified":"2026-04-01T19:12:09","modified_gmt":"2026-04-01T19:12:09","slug":"stw-23hu2-microfono-inalambrico","status":"publish","type":"product","link":"https:\/\/soundtrackusa.com\/es\/product\/stw-23hu2-microfono-inalambrico\/","title":{"rendered":"STW-23HU2 Micr\u00f3fono Inal\u00e1mbrico"},"content":{"rendered":"","protected":false},"excerpt":{"rendered":"<h3>Micr\u00f3fonos inal\u00e1mbricos UHF.<\/h3>\n<ul>\n<li>\n<h3>Rango:200 Pies.<\/h3>\n<\/li>\n<li>\n<h3>Dos canales.<\/h3>\n<\/li>\n<li>\n<h3>Frecuencias fijas.<\/h3>\n<\/li>\n<li>\n<h3>Dos micr\u00f3fonos de mano.<\/h3>\n<\/li>\n<li>\n<h3>Controles de volumen pantalla frontal.<\/h3>\n<\/li>\n<li>\n<h3>Salida com\u00fan 1\/4.<\/h3>\n<\/li>\n<li>\n<h3>Dos salidas independientes XLR.<\/h3>\n<\/li>\n<li>\n<h3>Maleta de pl\u00e1stico.<\/h3>\n<\/li>\n<\/ul>\n","protected":false},"featured_media":6346,"template":"","meta":[],"product_brand":[],"product_cat":[33,31,28],"product_tag":[],"class_list":{"0":"post-5823","1":"product","2":"type-product","3":"status-publish","4":"has-post-thumbnail","6":"product_cat-2-canales","7":"product_cat-frecuencia-variables","8":"product_cat-microfonos-inalambricos","10":"first","11":"instock","12":"taxable","13":"shipping-taxable","14":"product-type-simple"},"_links":{"self":[{"href":"https:\/\/soundtrackusa.com\/es\/wp-json\/wp\/v2\/product\/5823","targetHints":{"allow":["GET"]}}],"collection":[{"href":"https:\/\/soundtrackusa.com\/es\/wp-json\/wp\/v2\/product"}],"about":[{"href":"https:\/\/soundtrackusa.com\/es\/wp-json\/wp\/v2\/types\/product"}],"wp:featuredmedia":[{"embeddable":true,"href":"https:\/\/soundtrackusa.com\/es\/wp-json\/wp\/v2\/media\/6346"}],"wp:attachment":[{"href":"https:\/\/soundtrackusa.com\/es\/wp-json\/wp\/v2\/media?parent=5823"}],"wp:term":[{"taxonomy":"product_brand","embeddable":true,"href":"https:\/\/soundtrackusa.com\/es\/wp-json\/wp\/v2\/product_brand?post=5823"},{"taxonomy":"product_cat","embeddable":true,"href":"https:\/\/soundtrackusa.com\/es\/wp-json\/wp\/v2\/product_cat?post=5823"},{"taxonomy":"product_tag","embeddable":true,"href":"https:\/\/soundtrackusa.com\/es\/wp-json\/wp\/v2\/product_tag?post=5823"}],"curies":[{"name":"wp","href":"https:\/\/api.w.org\/{rel}","templated":true}]}}