{"id":3121,"date":"2023-05-25T20:00:20","date_gmt":"2023-05-25T20:00:20","guid":{"rendered":"https:\/\/shai.com.mx\/soudtrack-usa-respaldo26\/?post_type=product&#038;p=3121"},"modified":"2026-02-09T18:49:22","modified_gmt":"2026-02-09T18:49:22","slug":"tf17-pro-microfono-para-gaming-podcast-streaming-y-grabacion-digital","status":"publish","type":"product","link":"https:\/\/soundtrackusa.com\/es\/product\/tf17-pro-microfono-para-gaming-podcast-streaming-y-grabacion-digital\/","title":{"rendered":"TF17 PRO-Micr\u00f3fono para gaming, podcast, streaming y grabaci\u00f3n digital"},"content":{"rendered":"","protected":false},"excerpt":{"rendered":"<p><img decoding=\"async\" class=\"alignnone size-full wp-image-3060\" src=\"https:\/\/soundtrackusa.com\/wp-content\/uploads\/2023\/05\/fifine-cabeza-02.jpg\" alt=\"\" width=\"600\" height=\"104\" srcset=\"https:\/\/soundtrackusa.com\/wp-content\/uploads\/2023\/05\/fifine-cabeza-02-200x35.jpg 200w, https:\/\/soundtrackusa.com\/wp-content\/uploads\/2023\/05\/fifine-cabeza-02-300x52.jpg 300w, https:\/\/soundtrackusa.com\/wp-content\/uploads\/2023\/05\/fifine-cabeza-02-400x69.jpg 400w, https:\/\/soundtrackusa.com\/wp-content\/uploads\/2023\/05\/fifine-cabeza-02-500x87.jpg 500w, https:\/\/soundtrackusa.com\/wp-content\/uploads\/2023\/05\/fifine-cabeza-02.jpg 600w\" sizes=\"(max-width: 600px) 100vw, 600px\" \/><\/p>\n<ul>\n<li>\n<h3>Micr\u00f3fono de condensador con luz RGB, con brazo met\u00e1lico que permite grabar c\u00f3modamente en un escritorio con capacidad de moverlo a distintos \u00e1ngulos, con popfilter circular para una mejor calidad de audio.<\/h3>\n<\/li>\n<li>\n<h3>Ideal para transmisiones en vivo, juegos de v\u00eddeo, grabar podcasts o crear cualquier otro tirpo de contenido digital.<\/h3>\n<\/li>\n<li>\n<h3>Brazo met\u00e1lico m\u00f3vil que se monta al escritorio.<\/h3>\n<\/li>\n<li>\n<h3>Filtro \u00abantipop\u00bb.<\/h3>\n<\/li>\n<li>\n<h3>Jack para aud\u00edfonos.<\/h3>\n<\/li>\n<li>\n<h3>Puerto USB tipo C.<\/h3>\n<\/li>\n<li>\n<h3>Con cable de C a USB A para conectar a una pc\/laptop. Luz RGB en el micr\u00f3fono.<\/h3>\n<\/li>\n<li>\n<h3>Con sensor en la parte superior para cambiar los colores.<\/h3>\n<\/li>\n<li>\n<h3>Luz RGB en la base de soporte.<\/h3>\n<\/li>\n<li>\n<h3>Con bot\u00f3n para cambiar los colores.<\/h3>\n<\/li>\n<li>\n<h3>Bot\u00f3n mute y Led que indica si est\u00e1 silenciado.<\/h3>\n<\/li>\n<\/ul>\n","protected":false},"featured_media":6683,"template":"","meta":[],"product_brand":[],"product_cat":[149],"product_tag":[],"class_list":{"0":"post-3121","1":"product","2":"type-product","3":"status-publish","4":"has-post-thumbnail","6":"product_cat-podcast-gaming-y-grabacion-digital","8":"first","9":"instock","10":"taxable","11":"shipping-taxable","12":"purchasable","13":"product-type-simple"},"_links":{"self":[{"href":"https:\/\/soundtrackusa.com\/es\/wp-json\/wp\/v2\/product\/3121","targetHints":{"allow":["GET"]}}],"collection":[{"href":"https:\/\/soundtrackusa.com\/es\/wp-json\/wp\/v2\/product"}],"about":[{"href":"https:\/\/soundtrackusa.com\/es\/wp-json\/wp\/v2\/types\/product"}],"wp:featuredmedia":[{"embeddable":true,"href":"https:\/\/soundtrackusa.com\/es\/wp-json\/wp\/v2\/media\/6683"}],"wp:attachment":[{"href":"https:\/\/soundtrackusa.com\/es\/wp-json\/wp\/v2\/media?parent=3121"}],"wp:term":[{"taxonomy":"product_brand","embeddable":true,"href":"https:\/\/soundtrackusa.com\/es\/wp-json\/wp\/v2\/product_brand?post=3121"},{"taxonomy":"product_cat","embeddable":true,"href":"https:\/\/soundtrackusa.com\/es\/wp-json\/wp\/v2\/product_cat?post=3121"},{"taxonomy":"product_tag","embeddable":true,"href":"https:\/\/soundtrackusa.com\/es\/wp-json\/wp\/v2\/product_tag?post=3121"}],"curies":[{"name":"wp","href":"https:\/\/api.w.org\/{rel}","templated":true}]}}