{"id":3105,"date":"2023-05-25T20:21:55","date_gmt":"2023-05-25T20:21:55","guid":{"rendered":"https:\/\/shai.com.mx\/soudtrack-usa-respaldo26\/?post_type=product&#038;p=3105"},"modified":"2026-02-09T18:47:27","modified_gmt":"2026-02-09T18:47:27","slug":"k678-microfono-para-gaming-podcast-streaming-y-grabacion-digital","status":"publish","type":"product","link":"https:\/\/soundtrackusa.com\/es\/product\/k678-microfono-para-gaming-podcast-streaming-y-grabacion-digital\/","title":{"rendered":"K678-Micr\u00f3fono para gaming, podcast, streaming y grabaci\u00f3n digital"},"content":{"rendered":"","protected":false},"excerpt":{"rendered":"<p><img decoding=\"async\" class=\"alignnone size-full wp-image-3060\" src=\"https:\/\/soundtrackusa.com\/wp-content\/uploads\/2023\/05\/fifine-cabeza-02.jpg\" alt=\"\" width=\"600\" height=\"104\" srcset=\"https:\/\/soundtrackusa.com\/wp-content\/uploads\/2023\/05\/fifine-cabeza-02-200x35.jpg 200w, https:\/\/soundtrackusa.com\/wp-content\/uploads\/2023\/05\/fifine-cabeza-02-300x52.jpg 300w, https:\/\/soundtrackusa.com\/wp-content\/uploads\/2023\/05\/fifine-cabeza-02-400x69.jpg 400w, https:\/\/soundtrackusa.com\/wp-content\/uploads\/2023\/05\/fifine-cabeza-02-500x87.jpg 500w, https:\/\/soundtrackusa.com\/wp-content\/uploads\/2023\/05\/fifine-cabeza-02.jpg 600w\" sizes=\"(max-width: 600px) 100vw, 600px\" \/><\/p>\n<ul>\n<li>\n<h3>Micr\u00f3fono para grabaci\u00f3n profesional con cable USB para computadora o laptop, ideal para grabar m\u00fasica, podcasts, hacer transmisiones o cualquier tipo de contenido digital.<\/h3>\n<\/li>\n<li>\n<h3>Cuenta con salida para aud\u00edfonos para monitorear el audio y un bot\u00f3n de mute.<\/h3>\n<\/li>\n<li>\n<h3>Micr\u00f3fono de condensador.<\/h3>\n<\/li>\n<li>\n<h3>Estructura met\u00e1lica.<\/h3>\n<\/li>\n<li>\n<h3>Entrada USB para Windows, Mac y Play Station.<\/h3>\n<\/li>\n<li>\n<h3>Entrada jack para aud\u00edfonos.<\/h3>\n<\/li>\n<li>\n<h3>Con controles para el volumen de los aud\u00edfonos y del micr\u00f3fono.<\/h3>\n<\/li>\n<li>\n<h3>Luz LED para identificar cuando est\u00e1 activado o silenciado el micr\u00f3fono.<\/h3>\n<\/li>\n<\/ul>\n","protected":false},"featured_media":7116,"template":"","meta":[],"product_brand":[],"product_cat":[149],"product_tag":[],"class_list":{"0":"post-3105","1":"product","2":"type-product","3":"status-publish","4":"has-post-thumbnail","6":"product_cat-podcast-gaming-y-grabacion-digital","8":"first","9":"instock","10":"taxable","11":"shipping-taxable","12":"purchasable","13":"product-type-simple"},"_links":{"self":[{"href":"https:\/\/soundtrackusa.com\/es\/wp-json\/wp\/v2\/product\/3105","targetHints":{"allow":["GET"]}}],"collection":[{"href":"https:\/\/soundtrackusa.com\/es\/wp-json\/wp\/v2\/product"}],"about":[{"href":"https:\/\/soundtrackusa.com\/es\/wp-json\/wp\/v2\/types\/product"}],"wp:featuredmedia":[{"embeddable":true,"href":"https:\/\/soundtrackusa.com\/es\/wp-json\/wp\/v2\/media\/7116"}],"wp:attachment":[{"href":"https:\/\/soundtrackusa.com\/es\/wp-json\/wp\/v2\/media?parent=3105"}],"wp:term":[{"taxonomy":"product_brand","embeddable":true,"href":"https:\/\/soundtrackusa.com\/es\/wp-json\/wp\/v2\/product_brand?post=3105"},{"taxonomy":"product_cat","embeddable":true,"href":"https:\/\/soundtrackusa.com\/es\/wp-json\/wp\/v2\/product_cat?post=3105"},{"taxonomy":"product_tag","embeddable":true,"href":"https:\/\/soundtrackusa.com\/es\/wp-json\/wp\/v2\/product_tag?post=3105"}],"curies":[{"name":"wp","href":"https:\/\/api.w.org\/{rel}","templated":true}]}}